{"id":882,"date":"2021-10-22T18:42:09","date_gmt":"2021-10-22T21:42:09","guid":{"rendered":"https:\/\/academiaderegenciaufmg.sinos.art.br\/?page_id=882"},"modified":"2021-10-26T09:43:20","modified_gmt":"2021-10-26T12:43:20","slug":"apresentacao","status":"publish","type":"page","link":"https:\/\/academiaderegenciaufmg.sinos.art.br\/?page_id=882","title":{"rendered":"Apresentacao"},"content":{"rendered":"\t\t<div data-elementor-type=\"wp-page\" data-elementor-id=\"882\" class=\"elementor elementor-882\" data-elementor-post-type=\"page\">\n\t\t\t\t\t\t<section class=\"elementor-section elementor-top-section elementor-element elementor-element-fadba09 elementor-section-boxed elementor-section-height-default elementor-section-height-default\" data-id=\"fadba09\" data-element_type=\"section\" data-settings=\"{&quot;background_background&quot;:&quot;classic&quot;}\">\n\t\t\t\t\t\t<div class=\"elementor-container elementor-column-gap-default\">\n\t\t\t\t\t<div class=\"elementor-column elementor-col-100 elementor-top-column elementor-element elementor-element-e167a9e\" data-id=\"e167a9e\" data-element_type=\"column\">\n\t\t\t<div class=\"elementor-widget-wrap elementor-element-populated\">\n\t\t\t\t\t\t<div class=\"elementor-element elementor-element-0e49502 elementor-widget elementor-widget-heading\" data-id=\"0e49502\" data-element_type=\"widget\" data-widget_type=\"heading.default\">\n\t\t\t\t<div class=\"elementor-widget-container\">\n\t\t\t<h3 class=\"elementor-heading-title elementor-size-default\">APRESENTA\u00c7\u00c3O<\/h3>\t\t<\/div>\n\t\t\t\t<\/div>\n\t\t\t\t<div class=\"elementor-element elementor-element-fdaf0a1 elementor-widget elementor-widget-text-editor\" data-id=\"fdaf0a1\" data-element_type=\"widget\" data-widget_type=\"text-editor.default\">\n\t\t\t\t<div class=\"elementor-widget-container\">\n\t\t\t\t\t\t\t<p><span style=\"font-weight: 400;\">A II Academia de Reg\u00eancia da UFMG tem seu foco no processo pedag\u00f3gico e na forma\u00e7\u00e3o do profissional da \u00e1rea de reg\u00eancia. Com \u00eanfase em orquestras e bandas, o evento visa criar um espa\u00e7o din\u00e2mico de troca de saberes para estreitar la\u00e7os e promover a cultura.<\/span><\/p><p><span style=\"font-weight: 400;\">Regentes profissionais, jovens regentes, pesquisadores, produtores, professores, m\u00fasicos, estudantes e todas as pessoas interessadas no universo da reg\u00eancia s\u00e3o convidadas a participar dessa viv\u00eancia online.<\/span><span style=\"font-weight: 400;\"><br \/><\/span><\/p><p><span style=\"font-weight: 400;\">A programa\u00e7\u00e3o vai contar com mesas redondas, palestras, apresenta\u00e7\u00f5es de pesquisa e oficinas que abrangem desde a forma\u00e7\u00e3o do regente at\u00e9 os bastidores de uma orquestra.<\/span><\/p>\t\t\t\t\t\t<\/div>\n\t\t\t\t<\/div>\n\t\t\t\t\t<\/div>\n\t\t<\/div>\n\t\t\t\t\t<\/div>\n\t\t<\/section>\n\t\t\t\t<section class=\"elementor-section elementor-top-section elementor-element elementor-element-7a91f00 elementor-section-boxed elementor-section-height-default elementor-section-height-default\" data-id=\"7a91f00\" data-element_type=\"section\" data-settings=\"{&quot;background_background&quot;:&quot;classic&quot;}\">\n\t\t\t\t\t\t<div class=\"elementor-container elementor-column-gap-default\">\n\t\t\t\t\t<div class=\"elementor-column elementor-col-100 elementor-top-column elementor-element elementor-element-cbf3c3a\" data-id=\"cbf3c3a\" data-element_type=\"column\">\n\t\t\t<div class=\"elementor-widget-wrap elementor-element-populated\">\n\t\t\t\t\t\t<div class=\"elementor-element elementor-element-dce7127 elementor-widget elementor-widget-heading\" data-id=\"dce7127\" data-element_type=\"widget\" data-widget_type=\"heading.default\">\n\t\t\t\t<div class=\"elementor-widget-container\">\n\t\t\t<h3 class=\"elementor-heading-title elementor-size-default\">COMO PARTICIPAR<\/h3>\t\t<\/div>\n\t\t\t\t<\/div>\n\t\t\t\t<div class=\"elementor-element elementor-element-7e945b1 elementor-widget elementor-widget-text-editor\" data-id=\"7e945b1\" data-element_type=\"widget\" data-widget_type=\"text-editor.default\">\n\t\t\t\t<div class=\"elementor-widget-container\">\n\t\t\t\t\t\t\t<p>\u201cClique <a href=\"https:\/\/forms.gle\/xsiiSGVEpKHvUcEs7\">aqui<\/a> para se inscrever no evento. Ressaltamos que a entrada nas salas do Zoom est\u00e1 sujeita \u00e0 lota\u00e7\u00e3o da plataforma <strong>(100 pessoas)<\/strong>. Al\u00e9m disso, para receber o certificado de participa\u00e7\u00e3o, os interessados <strong>devem preencher o formul\u00e1rio de presen\u00e7a dispon\u00edvel no chat, durante cada atividade<\/strong>.<\/p>\n<h5><br><\/h5>\n<h5>Oficinas que requerem o envio de material adicional at\u00e9 dia 04\/11:<br><strong style=\"font-family: var( --e-global-typography-text-font-family ), Sans-serif; font-size: 1rem;\"><br>Oficina T\u00e9cnica de Reg\u00eancia (07\/11 \u00e0s 15h50)<\/strong><br><\/h5>\n<p>Para participa\u00e7\u00e3o ATIVA. Ap\u00f3s a inscri\u00e7\u00e3o, o interessado ter\u00e1 acesso a um link por onde dever\u00e1 enviar:<\/p>\n<p>&#8211; Breve curr\u00edculo.<br><span style=\"font-family: var( --e-global-typography-text-font-family ), Sans-serif; font-weight: var( --e-global-typography-text-font-weight ); font-size: 1rem;\">&#8211; Link para v\u00eddeo n\u00e3o listado ou p\u00fablico de YouTube em que demonstre sua habilidade mais atual de reg\u00eancia.<br><\/span><span style=\"font-family: var( --e-global-typography-text-font-family ), Sans-serif; font-weight: var( --e-global-typography-text-font-weight ); font-size: 1rem;\">&#8211; Sua ordem de prefer\u00eancia de repert\u00f3rio, conforme orienta\u00e7\u00f5es deste <a href=\"https:\/\/drive.google.com\/file\/d\/1hfDNoWnAWrdmGkz8gai_adgODY5dlwhh\/view?usp=sharing\">link<\/a>.<\/span><\/p>\n<p>Os 6 alunos selecionados para reger ser\u00e3o informados por e-mail at\u00e9 o dia 06\/11.<\/p>\n<p><span style=\"font-family: var( --e-global-typography-text-font-family ), Sans-serif; font-weight: var( --e-global-typography-text-font-weight ); font-size: 1rem;\">Para participa\u00e7\u00e3o como OUVINTE, n\u00e3o ser\u00e1 necess\u00e1rio enviar material adicional.<\/span><\/p>\n<p><\/p>\n<p><strong style=\"font-family: var( --e-global-typography-text-font-family ), Sans-serif; font-size: 1rem;\">Oficina Tecnologia e Software Livre (12\/11 \u00e0s 09h30).<\/strong><\/p>\n<p>Ap\u00f3s a inscri\u00e7\u00e3o, o interessado ter\u00e1 acesso a um link por onde dever\u00e1 enviar seu curr\u00edculo. N\u00e3o haver\u00e1 sele\u00e7\u00e3o de alunos. Sugere-se ao interessado na oficina deixar instalados os seguintes softwares em seu computador:<\/p>\n<p>1- Editor de Partituras: <a href=\"https:\/\/musescore.org\/pt-br\">MuseScore 3.6.2.<\/a><br><span style=\"font-family: var( --e-global-typography-text-font-family ), Sans-serif; font-weight: var( --e-global-typography-text-font-weight ); font-size: 1rem;\">2- Editor de \u00c1udio: <\/span><a href=\"https:\/\/www.audacityteam.org\/download\/\" style=\"font-family: var( --e-global-typography-text-font-family ), Sans-serif; font-weight: var( --e-global-typography-text-font-weight ); background-color: rgb(243, 239, 232); font-size: 1rem;\">Audacity 3.0.5.<\/a><br><span style=\"font-family: var( --e-global-typography-text-font-family ), Sans-serif; font-weight: var( --e-global-typography-text-font-weight ); font-size: 1rem;\">2.1- Plugins de Audio para o Audacity: <\/span><a href=\"http:\/\/reaper.fm\/reaplugs\/\" style=\"font-family: var( --e-global-typography-text-font-family ), Sans-serif; font-weight: var( --e-global-typography-text-font-weight ); font-size: 1rem; background-color: rgb(243, 239, 232);\">Reaper Plugins 2.36.<\/a><br><span style=\"font-family: var( --e-global-typography-text-font-family ), Sans-serif; font-weight: var( --e-global-typography-text-font-weight ); font-size: 1rem;\">3- Editor de V\u00eddeo: <\/span><a href=\"https:\/\/www.blackmagicdesign.com\/products\/davinciresolve\/\" style=\"font-family: var( --e-global-typography-text-font-family ), Sans-serif; font-weight: var( --e-global-typography-text-font-weight ); font-size: 1rem; background-color: rgb(243, 239, 232);\">Davinci Resolve 17<\/a><\/p>\n<p>Sugere-se ainda que o aluno deixe algum material pessoal de \u00e1udio ou v\u00eddeo que deseje manusear em aula. Exemplo: grava\u00e7\u00e3o de um recital.<\/p>\t\t\t\t\t\t<\/div>\n\t\t\t\t<\/div>\n\t\t\t\t\t<\/div>\n\t\t<\/div>\n\t\t\t\t\t<\/div>\n\t\t<\/section>\n\t\t\t\t<section class=\"elementor-section elementor-top-section elementor-element elementor-element-5112fae elementor-section-boxed elementor-section-height-default elementor-section-height-default\" data-id=\"5112fae\" data-element_type=\"section\" data-settings=\"{&quot;background_background&quot;:&quot;classic&quot;}\">\n\t\t\t\t\t\t<div class=\"elementor-container elementor-column-gap-default\">\n\t\t\t\t\t<div class=\"elementor-column elementor-col-100 elementor-top-column elementor-element elementor-element-535547d\" data-id=\"535547d\" data-element_type=\"column\">\n\t\t\t<div class=\"elementor-widget-wrap elementor-element-populated\">\n\t\t\t\t\t\t<div class=\"elementor-element elementor-element-92202d2 elementor-widget elementor-widget-heading\" data-id=\"92202d2\" data-element_type=\"widget\" data-widget_type=\"heading.default\">\n\t\t\t\t<div class=\"elementor-widget-container\">\n\t\t\t<h3 class=\"elementor-heading-title elementor-size-default\">REALIZA\u00c7\u00c3O<\/h3>\t\t<\/div>\n\t\t\t\t<\/div>\n\t\t\t\t<div class=\"elementor-element elementor-element-247359c elementor-widget elementor-widget-text-editor\" data-id=\"247359c\" data-element_type=\"widget\" data-widget_type=\"text-editor.default\">\n\t\t\t\t<div class=\"elementor-widget-container\">\n\t\t\t\t\t\t\t<p><span style=\"font-weight: 400;\">A realiza\u00e7\u00e3o da II Academia de Reg\u00eancia da UFMG \u00e9 a primeira a\u00e7\u00e3o da parceria entre a Orquestra Sinf\u00f4nica da Escola de M\u00fasica da UFMG e o Sistema Nacional de Orquestras Sociais do Brasil \u2013Sinos, e est\u00e1 relacionada com uma das vertentes deste projeto, a Academia de Reg\u00eancia Sinos.<\/span><\/p><p><span style=\"font-weight: 400;\">O Sinos faz parte do Arte de Toda Gente \u2013 programa que, por sua vez, que \u00e9 fruto de uma parceria entre a Funda\u00e7\u00e3o Nacional da Artes &#8211; Funarte e a Universidade Federal do Rio de Janeiro \u2013 UFRJ, com curadoria de sua Escola de M\u00fasica.<\/span><\/p>\t\t\t\t\t\t<\/div>\n\t\t\t\t<\/div>\n\t\t\t\t\t<\/div>\n\t\t<\/div>\n\t\t\t\t\t<\/div>\n\t\t<\/section>\n\t\t\t\t<\/div>\n\t\t","protected":false},"excerpt":{"rendered":"<p>APRESENTA\u00c7\u00c3O A II Academia de Reg\u00eancia da UFMG tem seu foco no processo pedag\u00f3gico e na forma\u00e7\u00e3o do profissional da \u00e1rea de reg\u00eancia. Com \u00eanfase em orquestras e bandas, o evento visa criar um espa\u00e7o din\u00e2mico de troca de saberes para estreitar la\u00e7os e promover a cultura. Regentes profissionais, jovens regentes, pesquisadores, produtores, professores, m\u00fasicos, [&hellip;]<\/p>\n","protected":false},"author":1,"featured_media":0,"parent":0,"menu_order":0,"comment_status":"closed","ping_status":"closed","template":"","meta":{"inline_featured_image":false,"footnotes":""},"class_list":["post-882","page","type-page","status-publish","hentry"],"_links":{"self":[{"href":"https:\/\/academiaderegenciaufmg.sinos.art.br\/index.php?rest_route=\/wp\/v2\/pages\/882","targetHints":{"allow":["GET"]}}],"collection":[{"href":"https:\/\/academiaderegenciaufmg.sinos.art.br\/index.php?rest_route=\/wp\/v2\/pages"}],"about":[{"href":"https:\/\/academiaderegenciaufmg.sinos.art.br\/index.php?rest_route=\/wp\/v2\/types\/page"}],"author":[{"embeddable":true,"href":"https:\/\/academiaderegenciaufmg.sinos.art.br\/index.php?rest_route=\/wp\/v2\/users\/1"}],"replies":[{"embeddable":true,"href":"https:\/\/academiaderegenciaufmg.sinos.art.br\/index.php?rest_route=%2Fwp%2Fv2%2Fcomments&post=882"}],"version-history":[{"count":13,"href":"https:\/\/academiaderegenciaufmg.sinos.art.br\/index.php?rest_route=\/wp\/v2\/pages\/882\/revisions"}],"predecessor-version":[{"id":964,"href":"https:\/\/academiaderegenciaufmg.sinos.art.br\/index.php?rest_route=\/wp\/v2\/pages\/882\/revisions\/964"}],"wp:attachment":[{"href":"https:\/\/academiaderegenciaufmg.sinos.art.br\/index.php?rest_route=%2Fwp%2Fv2%2Fmedia&parent=882"}],"curies":[{"name":"wp","href":"https:\/\/api.w.org\/{rel}","templated":true}]}}