{"id":1054,"date":"2021-10-26T14:34:07","date_gmt":"2021-10-26T17:34:07","guid":{"rendered":"https:\/\/academiaderegenciaufmg.sinos.art.br\/?page_id=1054"},"modified":"2021-11-03T17:20:26","modified_gmt":"2021-11-03T20:20:26","slug":"agradecimentos","status":"publish","type":"page","link":"https:\/\/academiaderegenciaufmg.sinos.art.br\/?page_id=1054","title":{"rendered":"Agradecimentos"},"content":{"rendered":"\t\t<div data-elementor-type=\"wp-page\" data-elementor-id=\"1054\" class=\"elementor elementor-1054\" data-elementor-post-type=\"page\">\n\t\t\t\t\t\t<section class=\"elementor-section elementor-top-section elementor-element elementor-element-fadba09 elementor-section-boxed elementor-section-height-default elementor-section-height-default\" data-id=\"fadba09\" data-element_type=\"section\" data-settings=\"{&quot;background_background&quot;:&quot;classic&quot;}\">\n\t\t\t\t\t\t<div class=\"elementor-container elementor-column-gap-default\">\n\t\t\t\t\t<div class=\"elementor-column elementor-col-100 elementor-top-column elementor-element elementor-element-e167a9e\" data-id=\"e167a9e\" data-element_type=\"column\">\n\t\t\t<div class=\"elementor-widget-wrap elementor-element-populated\">\n\t\t\t\t\t\t<div class=\"elementor-element elementor-element-fdaf0a1 elementor-widget elementor-widget-text-editor\" data-id=\"fdaf0a1\" data-element_type=\"widget\" data-widget_type=\"text-editor.default\">\n\t\t\t\t<div class=\"elementor-widget-container\">\n\t\t\t\t\t\t\t<p><b>Presidente da Rep\u00fablica: <\/b><span style=\"font-weight: 400;\">Jair Messias Bolsonaro<br><\/span><b>Ministro do Turismo: <\/b><span style=\"font-weight: 400;\">Gilson Machado Neto<br><\/span><b>Secretaria Especial da Cultura (SECULT): <\/b>Mario Luis Frias<span style=\"font-family: var( --e-global-typography-text-font-family ), Sans-serif; font-size: 1rem;\"><br><\/span><\/p>\t\t\t\t\t\t<\/div>\n\t\t\t\t<\/div>\n\t\t\t\t<div class=\"elementor-element elementor-element-dcbea1c elementor-widget elementor-widget-heading\" data-id=\"dcbea1c\" data-element_type=\"widget\" data-widget_type=\"heading.default\">\n\t\t\t\t<div class=\"elementor-widget-container\">\n\t\t\t<h3 class=\"elementor-heading-title elementor-size-default\">Funda\u00e7\u00e3o Nacional de Artes | Funarte<\/h3>\t\t<\/div>\n\t\t\t\t<\/div>\n\t\t\t\t<div class=\"elementor-element elementor-element-69fa7f7 elementor-widget elementor-widget-text-editor\" data-id=\"69fa7f7\" data-element_type=\"widget\" data-widget_type=\"text-editor.default\">\n\t\t\t\t<div class=\"elementor-widget-container\">\n\t\t\t\t\t\t\t<p><b style=\"font-family: var( --e-global-typography-text-font-family ), Sans-serif; font-size: 1rem;\">Presidente: <\/b><span style=\"font-family: var( --e-global-typography-text-font-family ), Sans-serif; font-size: 1rem;\">Tamoio Athayde Marcondes<br \/><\/span><b style=\"font-family: var( --e-global-typography-text-font-family ), Sans-serif; font-size: 1rem;\">Diretor Executivo:<\/b><span style=\"font-family: var( --e-global-typography-text-font-family ), Sans-serif; font-size: 1rem;\"> Marcelo Nery Costa<br \/><\/span><b style=\"font-family: var( --e-global-typography-text-font-family ), Sans-serif; font-size: 1rem;\">Diretor do Centro da M\u00fasica: <\/b><span style=\"font-family: var( --e-global-typography-text-font-family ), Sans-serif; font-size: 1rem;\">Bernardo Guerra<br \/><\/span><b style=\"font-family: var( --e-global-typography-text-font-family ), Sans-serif; font-size: 1rem;\">Coordenadora de M\u00fasica Popular: <\/b><span style=\"font-family: var( --e-global-typography-text-font-family ), Sans-serif; font-size: 1rem;\">Eul\u00edcia Esteves<br \/><\/span><b style=\"font-family: var( --e-global-typography-text-font-family ), Sans-serif; font-size: 1rem;\">Coordenadora de Bandas: <\/b><span style=\"font-family: var( --e-global-typography-text-font-family ), Sans-serif; font-size: 1rem;\">Rosana Lemos Gon\u00e7alves<br \/><\/span><b style=\"font-family: var( --e-global-typography-text-font-family ), Sans-serif; font-size: 1rem;\">Procuradoria Jur\u00eddica:<\/b><span style=\"font-family: var( --e-global-typography-text-font-family ), Sans-serif; font-size: 1rem;\"> Renata Renault<br \/><\/span><b style=\"font-family: var( --e-global-typography-text-font-family ), Sans-serif; font-size: 1rem;\">Coordena\u00e7\u00e3o de Comunica\u00e7\u00e3o:<\/b><span style=\"font-family: var( --e-global-typography-text-font-family ), Sans-serif; font-size: 1rem;\"> Gianne Santos<\/span><\/p>\t\t\t\t\t\t<\/div>\n\t\t\t\t<\/div>\n\t\t\t\t<div class=\"elementor-element elementor-element-d799e6e elementor-widget elementor-widget-heading\" data-id=\"d799e6e\" data-element_type=\"widget\" data-widget_type=\"heading.default\">\n\t\t\t\t<div class=\"elementor-widget-container\">\n\t\t\t<h3 class=\"elementor-heading-title elementor-size-default\">Universidade Federal do Rio de Janeiro | UFRJ<\/h3>\t\t<\/div>\n\t\t\t\t<\/div>\n\t\t\t\t<div class=\"elementor-element elementor-element-36db3ee elementor-widget elementor-widget-text-editor\" data-id=\"36db3ee\" data-element_type=\"widget\" data-widget_type=\"text-editor.default\">\n\t\t\t\t<div class=\"elementor-widget-container\">\n\t\t\t\t\t\t\t<p><b style=\"font-family: var( --e-global-typography-text-font-family ), Sans-serif; font-size: 1rem;\">Reitora:<\/b><span style=\"font-family: var( --e-global-typography-text-font-family ), Sans-serif; font-size: 1rem;\"> Denise Pires de Carvalho<br \/><\/span><b>Vice-reitor:<\/b><span style=\"font-weight: 400;\"> Carlos Frederico Le\u00e3o Rocha<\/span><\/p><h5><b>Centro de Letras e Artes<\/b><\/h5><p><b>Decana:<\/b><span style=\"font-weight: 400;\"> Cristina Grafanassi Tranjan<br \/><\/span><b>Vice-decano:<\/b><span style=\"font-weight: 400;\"> Osvaldo Luiz de Souza Silva<\/span><\/p><h5><b>Escola de M\u00fasica da UFRJ<\/b><\/h5><p><b>Diretor:<\/b><span style=\"font-weight: 400;\"> Ronal Xavier Silveira<br \/><\/span><b>Vice-diretor | Diretor Adjunto do Setor Art\u00edstico: <\/b><span style=\"font-weight: 400;\">Marcelo Jardim<br \/><\/span><b>Diretor Adjunto de Ensino de Gradua\u00e7\u00e3o: <\/b><span style=\"font-weight: 400;\">David Alves<br \/><\/span><b>Diretora Adjunta dos Cursos de Extens\u00e3o:<\/b><span style=\"font-weight: 400;\"> Maria Jos\u00e9 Di Cavalcanti<br \/><\/span><b>Coordenador do Programa de P\u00f3s-Gradua\u00e7\u00e3o em M\u00fasica: <\/b><span style=\"font-weight: 400;\">Jo\u00e3o Vidal<br \/><\/span><b>Coordenador do Programa de Mestrado Profissional em M\u00fasica: <\/b><span style=\"font-weight: 400;\">Aloysio Fagerlande<\/span><\/p><h5><b>Funda\u00e7\u00e3o Jos\u00e9 Bonif\u00e1cio | FUJB<\/b><\/h5><p><b>Presidente:<\/b><span style=\"font-weight: 400;\"> Kleber Fossati Figueiredo<br \/><\/span><b>Secret\u00e1rio Geral:<\/b><span style=\"font-weight: 400;\"> Helios Malebranche<br \/><\/span><b>Superintendente Te\u0301cnico-Cienti\u0301fica e Cultural:<\/b><span style=\"font-weight: 400;\"> Helena Ibiapina<br \/><\/span><b>Gerente de Conv\u00eanios e An\u00e1lise:<\/b><span style=\"font-weight: 400;\"> Ane Vicente Pereira<\/span><\/p><h5><b>Projetos Especiais UFRJ-Funarte<\/b><\/h5><p><b>Coordena\u00e7\u00e3o Geral:<\/b><span style=\"font-weight: 400;\"> Marcelo Jardim<br \/><\/span><b>Coordena\u00e7\u00e3o de Comunica\u00e7\u00e3o:<\/b><span style=\"font-weight: 400;\"> Gustavo Mendicino<br \/><\/span><b>Coordena\u00e7\u00e3o do N\u00facleo de M\u00eddias Digitais (NuMiDi): <\/b><span style=\"font-weight: 400;\">Katia Augusta Maciel<\/span><\/p><p><b>Coordena\u00e7\u00e3o de EAD:<\/b><span style=\"font-weight: 400;\"> J\u00falio Melo Colabardini<br \/><\/span><b>Assessoria para Projetos Sociais:<\/b><span style=\"font-weight: 400;\"> Bruna Leite<br \/><\/span><b>Administrativo:<\/b><span style=\"font-weight: 400;\"> Aliciandra Amaral e T\u00e2nia Oliveira<br \/><\/span><b>Dire\u00e7\u00e3o de Arte:<\/b><span style=\"font-weight: 400;\"> M\u00e1rcio Massiere<br \/><\/span><b>Publicidade e Rela\u00e7\u00f5es P\u00fablicas:<\/b><span style=\"font-weight: 400;\"> Fabiana Rosa<br \/><\/span><b>Assistente de Rela\u00e7\u00f5es P\u00fablicas:<\/b><span style=\"font-weight: 400;\"> Carolina Lais de Assis<br \/><\/span><b>Imprensa<\/b><span style=\"font-weight: 400;\">: Henrique Koifman<br \/><\/span><b>Assistente de Imprensa:<\/b><span style=\"font-weight: 400;\"> Creuza Gravina<br \/><\/span><b>Marketing Digital:<\/b><span style=\"font-weight: 400;\"> Gustavo Kremser<br \/><\/span><b>Revis\u00e3o de texto:<\/b><span style=\"font-weight: 400;\"> Maurette Brandt e Daniela Paiva<br \/><\/span><b>Diagrama\u00e7\u00e3o: <\/b><span style=\"font-weight: 400;\">Renata Arouca<br \/><\/span><b>NuMiDi:<\/b><span style=\"font-weight: 400;\"> Jo\u00e3o Pedro Dutra, Rog\u00e9rio Le\u00e3o, Sharon Rivera e \u00cdtala Barros (redes sociais); Alberto Moura, Eduardo Martino, Giuliano Gerbasi (audiovisual); Carolline Leite (roteiro); Andr\u00e9 Flauzino, Isabelle Barreto, Maur\u00edcio Borges (design gr\u00e1fico); Renan Ferreira, Verg\u00edlio Toledo e Eduardo Mangeli (webdesign)<br \/><\/span><b>Fotografia:<\/b><span style=\"font-weight: 400;\"> Raffaela Bompiani e Walda Marques<\/span><\/p><h5><b>Sistema Nacional de Orquestra Social | SINOS<\/b><\/h5><p><b>Coordena\u00e7\u00e3o:<\/b><span style=\"font-weight: 400;\"> Andr\u00e9 Cardoso<br \/><\/span><b>Ger\u00eancia de produ\u00e7\u00e3o:<\/b><span style=\"font-weight: 400;\"> Vilane Trindade<br \/><\/span><b>Assist\u00eancia de produ\u00e7\u00e3o:<\/b><span style=\"font-weight: 400;\"> Gabriel Macedo Vailant e Ana Carolina Chaves<br \/><\/span><b>Coordena\u00e7\u00e3o pedag\u00f3gica Capacita\u00e7\u00e3o para Cordas:<\/b><span style=\"font-weight: 400;\"> Simone dos Santos e Carla Rinc\u00f3n<br \/><\/span><b>Coordena\u00e7\u00e3o pedag\u00f3gica Projeto Espiral:<\/b><span style=\"font-weight: 400;\"> Leandro Soares e Aloysio Fagerlande<br \/><\/span><b>Assistente para Academia Virtual:<\/b><span style=\"font-weight: 400;\"> Marlon Magno<br \/><\/span><b>Academia de Reg\u00eancia:<\/b><span style=\"font-weight: 400;\"> Andr\u00e9 Cardoso, Marcelo Jardim, Tobias Volkmann, Thiago Santos, Ernani Aguiar, Roberto Duarte<br \/><\/span><b>Academia de \u00d3pera:<\/b><span style=\"font-weight: 400;\"> Andr\u00e9 Cardoso, Silvio Viegas, Juliano Dutra<br \/><\/span><b>Editora\u00e7\u00e3o musical, notas de programa, redu\u00e7\u00e3o para piano e revis\u00e3o t\u00e9cnica:<\/b><span style=\"font-weight: 400;\"> Andr\u00e9 Cardoso, Roberto Duarte, Marcelo Jardim<br \/><\/span><b>Tabela de N\u00edvel T\u00e9cnico:<\/b><span style=\"font-weight: 400;\"> Marcelo Jardim, Simone dos Santos, Carla Rinc\u00f3n<br \/><\/span><b>Grava\u00e7\u00e3o e edi\u00e7\u00e3o de audiovisual:<\/b><span style=\"font-weight: 400;\"> Felipe Portinho<br \/><\/span><b>T\u00e9cnico de grava\u00e7\u00e3o de \u00e1udio: <\/b><span style=\"font-weight: 400;\">Eduardo Monteiro<br \/><\/span><b>N\u00facleo de Editora\u00e7\u00e3o Musical:<\/b><span style=\"font-weight: 400;\"> Gabriel Dellatorre (coordenador), Anne Karolyne, Israel Pessoa, Rafael Braga, Rafael Miranda<\/span><\/p><h5><b>Editora Escola de M\u00fasica<\/b><\/h5><p><b>Editor chefe: <\/b><span style=\"font-weight: 400;\">Giulio Draghi<br \/><\/span><b>Editor associado:<\/b><span style=\"font-weight: 400;\"> Jo\u00e3o Vidal<br \/><\/span><b>Subcomiss\u00e3o produtos did\u00e1ticos, bibliogr\u00e1ficos, fonogr\u00e1ficos e audiovisuais:<\/b><span style=\"font-weight: 400;\"> Marcelo Jardim (presidente)<br \/><\/span><b>Coordena\u00e7\u00e3o editorial:<\/b><span style=\"font-weight: 400;\"> Andr\u00e9 Cardoso, Maria Jos\u00e9 Chevitarese, Aloysio Fagerlande, Eduardo Monteiro, e Leandro Soares<\/span><\/p>\t\t\t\t\t\t<\/div>\n\t\t\t\t<\/div>\n\t\t\t\t<div class=\"elementor-element elementor-element-a070902 elementor-widget elementor-widget-heading\" data-id=\"a070902\" data-element_type=\"widget\" data-widget_type=\"heading.default\">\n\t\t\t\t<div class=\"elementor-widget-container\">\n\t\t\t<h3 class=\"elementor-heading-title elementor-size-default\">Universidade Federal de Minas Gerais | UFMG<\/h3>\t\t<\/div>\n\t\t\t\t<\/div>\n\t\t\t\t<div class=\"elementor-element elementor-element-c6b27e9 elementor-widget elementor-widget-text-editor\" data-id=\"c6b27e9\" data-element_type=\"widget\" data-widget_type=\"text-editor.default\">\n\t\t\t\t<div class=\"elementor-widget-container\">\n\t\t\t\t\t\t\t<p><strong>Reitora:<\/strong> Sandra Regina Goulart Almeida<br \/><strong>Vice-reitor<\/strong>: Alessandro Fernandes Moreira<br \/><strong>Pr\u00f3-reitora de Extens\u00e3o da UFMG:<\/strong> Cl\u00e1udia Andr\u00e9a Mayorga Borges<br \/><strong>Diretor de A\u00e7\u00e3o Cultural da UFMG:<\/strong> Fernando Ant\u00f4nio Mencarelli\u00a0 <br \/><strong>Diretor da Escola de M\u00fasica da UFMG:<\/strong> Renato Tocantins Sampaio<br \/><strong>Vice-diretor da Escola de M\u00fasica da UFMG:<\/strong> Carlos Aleixo dos Reis<br \/><strong>Chefe do Departamento de Teoria Geral da M\u00fasica:<\/strong> Ant\u00f4nio Lincoln Campos de Andrade <br \/><strong>Chefe do Departamento de Instrumentos e Canto:<\/strong> Marcelo Penido Ferreira da Silva <br \/><strong>Coordenador Geral do Cenex M\u00fasica:<\/strong> Carlos Ernest Dias<\/p><h5><strong>Academia de Reg\u00eancia<\/strong><strong>\u00a0<\/strong><\/h5><p><strong>Coordena\u00e7\u00e3o:<\/strong> Iara Fricke Matte <br \/><strong>Co-coordena\u00e7\u00e3o:<\/strong> Igor Le\u00e3o Maia<br \/><strong>Co-coordena\u00e7\u00e3o:<\/strong> Pedro Parreiras <br \/><strong>Co-coordena\u00e7\u00e3o:<\/strong> Priscila Viana<br \/><strong>Co-coordena\u00e7\u00e3o:<\/strong> Eliseu Barros<br \/><strong>Co-coordena\u00e7\u00e3o:<\/strong> Walter Junior <br \/><strong>Setor de Comunica\u00e7\u00e3o Institucional: <\/strong>Roseli Reis <br \/><strong>Setor de Comunica\u00e7\u00e3o Institucional:<\/strong> Paulo Pio de Oliveira\u00a0<br \/><strong>Setor de Inform\u00e1tica:<\/strong> Wilson Sant\u2019Anna <br \/><strong>Setor de \u00c1udio Visual:<\/strong> F\u00e1bio Souza<br \/><strong>Bolsista:<\/strong> Paulo Henrique Hoffmam dos Reis<br \/><strong>Monitor:<\/strong> Matheus Eduardo Rodrigues de Almeida<\/p>\t\t\t\t\t\t<\/div>\n\t\t\t\t<\/div>\n\t\t\t\t<div class=\"elementor-element elementor-element-fea6fc2 elementor-widget elementor-widget-heading\" data-id=\"fea6fc2\" data-element_type=\"widget\" data-widget_type=\"heading.default\">\n\t\t\t\t<div class=\"elementor-widget-container\">\n\t\t\t<h3 class=\"elementor-heading-title elementor-size-default\">Universidade Federal de Juiz de Fora | UFJF<\/h3>\t\t<\/div>\n\t\t\t\t<\/div>\n\t\t\t\t<div class=\"elementor-element elementor-element-8205d23 elementor-widget elementor-widget-text-editor\" data-id=\"8205d23\" data-element_type=\"widget\" data-widget_type=\"text-editor.default\">\n\t\t\t\t<div class=\"elementor-widget-container\">\n\t\t\t\t\t\t\t<p><strong>Reitor:<\/strong> Marcus Vinicius David<br \/><strong>Vice-Reitora:<\/strong> Girlene Alves da Silva<br \/><strong>Pr\u00f3-Reitor de Gradua\u00e7\u00e3o:<\/strong> Cassiano Caon Amorim <br \/><strong>Pr\u00f3-Reitora de Cultura:<\/strong> Val\u00e9ria Faria<br \/><strong>Diretor do Instituto de Artes e Design:<\/strong> Fabr\u00edcio da Silva Teixeira Carvalho<\/p><h5><strong>Academia de Reg\u00eancia<\/strong><\/h5><p><strong>Coordena\u00e7\u00e3o:<\/strong> Willsterman Sottani<br \/><strong>Co-coordena\u00e7\u00e3o:<\/strong> Ana Carolina Malaquias Pietra<br \/><strong>Monitora:<\/strong> Arlana Vit\u00f3ria Dias Viana <br \/><strong>Monitor:<\/strong> Jo\u00e3o Pedro de Paula Silva<br \/><strong>Monitor:<\/strong> Mateus Dias Maier J\u00fanior<br \/><strong>Monitor:<\/strong> Vin\u00edcius Gon\u00e7alves Arriel<\/p>\t\t\t\t\t\t<\/div>\n\t\t\t\t<\/div>\n\t\t\t\t\t<\/div>\n\t\t<\/div>\n\t\t\t\t\t<\/div>\n\t\t<\/section>\n\t\t\t\t<\/div>\n\t\t","protected":false},"excerpt":{"rendered":"<p>Presidente da Rep\u00fablica: Jair Messias BolsonaroMinistro do Turismo: Gilson Machado NetoSecretaria Especial da Cultura (SECULT): Mario Luis Frias Funda\u00e7\u00e3o Nacional de Artes | Funarte Presidente: Tamoio Athayde MarcondesDiretor Executivo: Marcelo Nery CostaDiretor do Centro da M\u00fasica: Bernardo GuerraCoordenadora de M\u00fasica Popular: Eul\u00edcia EstevesCoordenadora de Bandas: Rosana Lemos Gon\u00e7alvesProcuradoria Jur\u00eddica: Renata RenaultCoordena\u00e7\u00e3o de Comunica\u00e7\u00e3o: Gianne Santos [&hellip;]<\/p>\n","protected":false},"author":1,"featured_media":0,"parent":0,"menu_order":0,"comment_status":"closed","ping_status":"closed","template":"","meta":{"inline_featured_image":false,"footnotes":""},"class_list":["post-1054","page","type-page","status-publish","hentry"],"_links":{"self":[{"href":"https:\/\/academiaderegenciaufmg.sinos.art.br\/index.php?rest_route=\/wp\/v2\/pages\/1054","targetHints":{"allow":["GET"]}}],"collection":[{"href":"https:\/\/academiaderegenciaufmg.sinos.art.br\/index.php?rest_route=\/wp\/v2\/pages"}],"about":[{"href":"https:\/\/academiaderegenciaufmg.sinos.art.br\/index.php?rest_route=\/wp\/v2\/types\/page"}],"author":[{"embeddable":true,"href":"https:\/\/academiaderegenciaufmg.sinos.art.br\/index.php?rest_route=\/wp\/v2\/users\/1"}],"replies":[{"embeddable":true,"href":"https:\/\/academiaderegenciaufmg.sinos.art.br\/index.php?rest_route=%2Fwp%2Fv2%2Fcomments&post=1054"}],"version-history":[{"count":43,"href":"https:\/\/academiaderegenciaufmg.sinos.art.br\/index.php?rest_route=\/wp\/v2\/pages\/1054\/revisions"}],"predecessor-version":[{"id":1344,"href":"https:\/\/academiaderegenciaufmg.sinos.art.br\/index.php?rest_route=\/wp\/v2\/pages\/1054\/revisions\/1344"}],"wp:attachment":[{"href":"https:\/\/academiaderegenciaufmg.sinos.art.br\/index.php?rest_route=%2Fwp%2Fv2%2Fmedia&parent=1054"}],"curies":[{"name":"wp","href":"https:\/\/api.w.org\/{rel}","templated":true}]}}